{"id":11419,"date":"2022-08-21T16:29:56","date_gmt":"2022-08-21T16:29:56","guid":{"rendered":"https:\/\/nex.vamtam.com\/?page_id=11419"},"modified":"2022-11-14T15:07:52","modified_gmt":"2022-11-14T15:07:52","slug":"startseite","status":"publish","type":"page","link":"https:\/\/gormet.eu\/wp\/","title":{"rendered":"Startseite"},"content":{"rendered":"<div class=\"vgblk-rw-wrapper limit-wrapper\">\n\n\t\t\t\t\t\t\t<img decoding=\"async\" loading=\"lazy\" src=\"https:\/\/gormet.eu\/wp\/wp-content\/uploads\/2022\/07\/Schweissen-black-1.png\" alt=\"Schwei\u00dfen-black\" itemprop=\"image\" height=\"61\" width=\"61\" title=\"Schwei\u00dfen-black\" onerror=\"this.style.display='none'\" \/>\t\t\t\t\t\t\t\n<h2>\n\t\t\t<a href=\"https:\/\/gormet.eu\/wp\/zuschnitt-und-anarbeitung\/\" title=\"Zuschnitt\/Anarbeitung\" target=\"_self\" rel=\"noopener\">\n\tZuschnitt\/Anarbeitung\n\t\t\t<\/a>\n\t<\/h2>\n\t<p><strong>H\u00f6chste\u00a0Pr\u00e4zision &#8211; Brennschneiden<\/strong> bis 12.000 mm L\u00e4nge, Schwei\u00dfnahtvorbereitung und Umformung<\/p>\n\t\t\t\t\t\t\t<img decoding=\"async\" loading=\"lazy\" src=\"https:\/\/gormet.eu\/wp\/wp-content\/uploads\/2022\/10\/Schweissen-black-1-1.png\" alt=\"Schwei\u00dfen-black-1\" itemprop=\"image\" height=\"91\" width=\"129\" title=\"Schwei\u00dfen-black-1\" onerror=\"this.style.display='none'\"  sizes=\"auto, (max-width: 768px) 100vw, 100vw\"\/>\t\t\t\t\t\t\t\n<h2>\n\t\t\t<a href=\"https:\/\/gormet.eu\/wp\/schweissen\/\" title=\"Schwei\u00dfen\" target=\"_self\" rel=\"noopener\">\n\tSchwei\u00dfen\n\t\t\t<\/a>\n\t<\/h2>\n\t<p>Herstellung komplexer Stahlbaukomponenten bis <strong>80 Tonnen St\u00fcckgewicht<\/strong><\/p>\n\t\t\t\t\t\t\t<img decoding=\"async\" loading=\"lazy\" src=\"https:\/\/gormet.eu\/wp\/wp-content\/uploads\/2022\/10\/Zerspanung-black-5.png\" alt=\"Zerspanung-black\" itemprop=\"image\" height=\"106\" width=\"102\" title=\"Zerspanung-black\" onerror=\"this.style.display='none'\"  sizes=\"auto, (max-width: 768px) 100vw, 100vw\"\/>\t\t\t\t\t\t\t\n<h2>\n\t\t\t<a href=\"https:\/\/gormet.eu\/wp\/zerspanung\/\" title=\"Zerspanung\" target=\"_self\" rel=\"noopener\">\n\tZerspanung\n\t\t\t<\/a>\n\t<\/h2>\n\t<p><strong>Ihr Partner f\u00fcr Zerspanungstechnik &#8211; CNC Bearbeitung<\/strong> bis 20.000 mm L\u00e4nge<\/p>\n\t\t\t\t\t\t\t<img decoding=\"async\" loading=\"lazy\" src=\"https:\/\/gormet.eu\/wp\/wp-content\/uploads\/2022\/10\/Lackierung-black_01.png\" alt=\"Lackierung-GORMET-SRL\" itemprop=\"image\" height=\"116\" width=\"116\" title=\"Lackierung-black_01\" onerror=\"this.style.display='none'\"  sizes=\"auto, (max-width: 768px) 100vw, 100vw\" srcset=\"https:\/\/gormet.eu\/wp\/wp-content\/uploads\/2022\/10\/Lackierung-black_01.png 116w, https:\/\/gormet.eu\/wp\/wp-content\/uploads\/2022\/10\/Lackierung-black_01-100x100.png 100w\" \/>\t\t\t\t\t\t\t\n<h2>\n\t\t\t<a href=\"https:\/\/gormet.eu\/wp\/lackieren\/\" title=\"Lackieren\" target=\"_self\" rel=\"noopener\">\n\tLackieren\n\t\t\t<\/a>\n\t<\/h2>\n\t<p><strong>Strahlen<\/strong>,\u00a0<strong>Beschichten<\/strong>\u00a0und <strong>lackieren<\/strong> nach Norm, Anforderung und Kundenspezifikation<\/p>\n\t\t\t\t\t\t\t<img decoding=\"async\" loading=\"lazy\" src=\"https:\/\/gormet.eu\/wp\/wp-content\/uploads\/2022\/07\/Qualitaetssicherung-black.png\" alt=\"Qualit\u00e4tssicherung-black\" itemprop=\"image\" height=\"56\" width=\"56\" title=\"Qualit\u00e4tssicherung-black\" onerror=\"this.style.display='none'\" \/>\t\t\t\t\t\t\t\n<h2>\n\t\t\t<a href=\"https:\/\/gormet.eu\/wp\/qualitaetssicherung\/\" title=\"Qualit\u00e4tssicherung\" target=\"_self\" rel=\"noopener\">\n\tQualit\u00e4tssicherung\n\t\t\t<\/a>\n\t<\/h2>\n\t<p><strong>Qualit\u00e4tsmanagement mit\u00a0System &#8211; <\/strong>Hausinternes Qualit\u00e4ts- und NDT-Team UT, VT, MT, PT<\/p>\n\t\t\t\t\t\t\t<img decoding=\"async\" loading=\"lazy\" src=\"https:\/\/gormet.eu\/wp\/wp-content\/uploads\/2022\/07\/Logistik-black.png\" alt=\"Logistik-black\" itemprop=\"image\" height=\"47\" width=\"63\" title=\"Logistik-black\" onerror=\"this.style.display='none'\" \/>\t\t\t\t\t\t\t\n<h2>\n\t\t\t<a href=\"https:\/\/gormet.eu\/wp\/logistik\/\" title=\"Logistik\" target=\"_self\" rel=\"noopener\">\n\tLogistik\n\t\t\t<\/a>\n\t<\/h2>\n\t<p><strong>Europaweite Sondertransporte, Sicherung\u00a0<\/strong>und <strong>Verpackung<\/strong>\u00a0von Maschinenkomponenten nach Kundenwunsch<\/p>\n<h2>\n\t\t<b>be<\/b><br \/><b>gormet<\/b>\n\t<\/h2>\n\t<p>Werden Sie Teil unseres Teams von <strong>GORMET SRL<\/strong> und arbeiten bei einem der europ\u00e4ischen Markf\u00fchrer im Bereich <strong>Maschinenbau<\/strong>. Karriere &amp; Jobs bei <strong>GORMET SRL \u00bb\u00a0<\/strong>Wir bieten die M\u00f6glichkeit, sich beruflich und pers\u00f6nlich zu entfalten.<\/p>\n\t<a href=\"https:\/\/gormet.eu\/wp\/jobs-karriere\/\" target=\"_self\" role=\"button\" rel=\"noopener\">\n\t\t\t\t\tMehr erfahren\n\t<\/a>\n<h2>\n\t\tUnser<br \/><b>Know-how<\/b>\n\t<\/h2>\n\t<p>Wir fertigen auf \u00fcber 45.000m<b>\u00b2\u00a0<\/b>\u00fcberdachter Produktionsfl\u00e4che hochwertige Stahlkonstruktionen. Mit unserem modernen Maschinenpark verarbeiten wir so mehr als 600 Tonnen Stahl pro Monat. Hier erfahren Sie mehr \u00fcber uns&#8230;<\/p>\n\t<a href=\"https:\/\/gormet.eu\/wp\/unternehmen\/\" target=\"_self\" role=\"button\" rel=\"noopener\">\n\t\t\t\t\tMehr erfahren\n\t<\/a>\n<h2>\n\t\u00dcber uns\n\t<\/h2>\n\t\t\t\t\t\t\t<img decoding=\"async\" loading=\"lazy\" src=\"https:\/\/gormet.eu\/wp\/wp-content\/uploads\/2022\/08\/Gormet-red-rgb-72.png\" alt=\"Gormet-SRL-Maschinenbau\" itemprop=\"image\" height=\"241\" width=\"1074\" title=\"Gormet-red-rgb-72\" onerror=\"this.style.display='none'\"  sizes=\"auto, (max-width: 768px) 100vw, 100vw\" srcset=\"https:\/\/gormet.eu\/wp\/wp-content\/uploads\/2022\/08\/Gormet-red-rgb-72.png 1074w, https:\/\/gormet.eu\/wp\/wp-content\/uploads\/2022\/08\/Gormet-red-rgb-72-300x67.png 300w, https:\/\/gormet.eu\/wp\/wp-content\/uploads\/2022\/08\/Gormet-red-rgb-72-1024x230.png 1024w, https:\/\/gormet.eu\/wp\/wp-content\/uploads\/2022\/08\/Gormet-red-rgb-72-768x172.png 768w, https:\/\/gormet.eu\/wp\/wp-content\/uploads\/2022\/08\/Gormet-red-rgb-72-630x141.png 630w, https:\/\/gormet.eu\/wp\/wp-content\/uploads\/2022\/08\/Gormet-red-rgb-72-420x94.png 420w, https:\/\/gormet.eu\/wp\/wp-content\/uploads\/2022\/08\/Gormet-red-rgb-72-840x188.png 840w, https:\/\/gormet.eu\/wp\/wp-content\/uploads\/2022\/08\/Gormet-red-rgb-72-315x71.png 315w\" \/>\t\t\t\t\t\t\t\n<p>Willkommen auf der Webseite von <b>GORMET SRL<\/b>. Wir bei <b>GORMET SRL<\/b> k\u00f6nnen auf mehr als 15 Jahre Erfahrung zur\u00fcckgreifen und sind einer der <b>europ\u00e4ischen Marktf\u00fchrer,<\/b> wenn es um <b>Gro\u00dfbauteile<\/b> im Bereich <b>Maschinenbau <\/b>geht. Wir sind ein <b>Familienunternehmen<\/b> was ein wichtiger Bestandteil unserer Philosophie bei <b>GORMET SRL<\/b> ist. Wir stehen f\u00fcr eine langfristige, sichere und faire Partnerschaft.<\/p>\n\t<strong>GORMET SRL\u00a0<\/strong>steht f\u00fcr Dynamik, Innovationsbereitschaft und hochwertige Produktion in\u00a0<b>Cluj-Napoca\u00a0<\/b>Rum\u00e4nien. Gro\u00dfe <strong>Maschinenbaukomponente<\/strong> bis 80 Tonnen f\u00fcr den <strong>Bergbau, Materumschlag, Offshore, Schiffsbau<\/strong>\u00a0oder andere schwerer <strong>Maschinen- und Anlagen<\/strong> zeigt unsere langj\u00e4hrige Expertise.\n\t<p>Mit unserem globalen <strong>Netzwerk<\/strong> und mehr als <strong>350 Mitarbeitern<\/strong> sind wir ein <strong>zuverl\u00e4ssiger Partner<\/strong> in der Maschinenbau Branche. Wir sind spezialisiert auf <strong>Schwei\u00dfarbeiten<\/strong> f\u00fcr Kunden aus den verschiedensten Branchen von einfachen Schwei\u00dfteilen bis hin zu aufwendigen Konstruktionen. Nutzen Sie unsere Expertise und profitieren Sie von unserer <strong>Qualit\u00e4t<\/strong> die in unterschiedlichen Branchen ausschlaggebend ist. Durch unsere innovativen und <strong>modernen Produktionsanlagen<\/strong> agieren wir <strong>flexibel<\/strong> und erm\u00f6glichen so eine effiziente Herstellung f\u00fcr unsere Kunden. <b>GORMET SRL <\/b>fertigt t\u00e4glich verschiedenste <b>Maschinenbaukomponente<\/b> bei kontinuierlicher <b>Qualit\u00e4tssicherung<\/b> durch bew\u00e4hrte Pr\u00fcfverfahren.<\/p>\n<p>Unsere Standards und <a href=\"https:\/\/gormet.eu\/wp\/zertifizierung\/\"><b>Zertifizierungen<\/b>\u00a0<\/a>spiegeln die Kompetenz von\u00a0<b>GORMET SRL<\/b>\u00a0wider. Unser\u00a0<b>Qualit\u00e4tsmanagement <\/b>entspricht internationalen anerkannten Normen und Standards und garantiert so den aktuellen Stand der Technik.<\/p>\n\t<p>\u00dcberzeugen Sie sich von unserem Know-how in\u00a0<b>Cluj-Napoca Rum\u00e4nien\u00a0<\/b>und unsere umfassende\u00a0<b>Technik\u00a0<\/b>wie\u00a0<b><a href=\"https:\/\/gormet.eu\/wp\/zuschnitt-und-anarbeitung\/\">Zuschnitt und Anarbeitung<\/a>, <a href=\"https:\/\/gormet.eu\/wp\/schweissen\/\">Schwei\u00dfen<\/a>, <a href=\"https:\/\/gormet.eu\/wp\/zerspanung\/\">Zerspanung<\/a>, <a href=\"https:\/\/gormet.eu\/wp\/lackieren\/\">Lackieren,<\/a>\u00a0und Qualit\u00e4tssicherung<\/b>. Wir bieten Ihnen auch die\u00a0<b><a href=\"https:\/\/gormet.eu\/wp\/logistik\/\">Logistik<\/a>\u00a0<\/b>Ihrer Maschinenbaukomponenten mit unserem qualifizierten Partner.<\/p>\n<p>Schenken Sie uns Ihr <strong>Vertrauen<\/strong> und <strong>gormet verbindet<\/strong> ihre Produkte.<\/p>\n\t<h2>Arbeiten in Cluj-Napoca <strong>Rum\u00e4nien<\/strong><\/h2>\n\t<p>Wir sind mehr als nur ein <strong>sicherer Arbeitgeber in Cluj-Napoca<\/strong>! Werden Sie Teil unseres Teams von <strong>GORMET SRL<\/strong> und arbeiten bei einem der europ\u00e4ischen Markf\u00fchrer im Bereich <strong>Maschinenbau. Wir bieten Ihnen die M\u00f6glichkeit, sich bei uns beruflich und pers\u00f6nlich zu entfalten.<\/strong><\/p>\n\t<ul>\n<li>Wir sind immer in <strong>Bewegung<\/strong><\/li>\n<li>Arbeiten in der <strong>Maschinenbau Branche<\/strong><\/li>\n<li>Kommen Sie in ein <strong>starkes Team<\/strong><\/li>\n<li><strong>Abwechslungsreiche<\/strong>\u00a0und <strong>Spannende Aufgabe<\/strong><\/li>\n<li><strong>Faire Verg\u00fctung<\/strong><\/li>\n<li>Arbeiten in einer <strong>Gro\u00dfstadt<\/strong><\/li>\n<li><strong>Leben und arbeiten in Rum\u00e4nien<\/strong><\/li>\n<\/ul>\n\t\t\t\t\t\t\t<img decoding=\"async\" loading=\"lazy\" src=\"https:\/\/gormet.eu\/wp\/wp-content\/uploads\/2022\/06\/Gormet-Key-white-rgb.png\" alt=\"Gormet-Key-white-rgb\" itemprop=\"image\" height=\"169\" width=\"170\" title=\"Gormet-Key-white-rgb\" onerror=\"this.style.display='none'\"  sizes=\"auto, (max-width: 768px) 100vw, 100vw\" srcset=\"https:\/\/gormet.eu\/wp\/wp-content\/uploads\/2022\/06\/Gormet-Key-white-rgb.png 170w, https:\/\/gormet.eu\/wp\/wp-content\/uploads\/2022\/06\/Gormet-Key-white-rgb-150x150.png 150w, https:\/\/gormet.eu\/wp\/wp-content\/uploads\/2022\/06\/Gormet-Key-white-rgb-100x100.png 100w\" \/>\t\t\t\t\t\t\t\n<h2>\n\t\tbe<br \/>gormet\n\t<\/h2>\n\t<p>Wir <strong>verbinden<\/strong> stahlhart <strong>Karriere<\/strong> mit <strong>Work-Life Balance<\/strong>. Werden Sie ein Teil der <strong>GORMET SRL<\/strong> Familie.<\/p>\n\t<a href=\"https:\/\/gormet.eu\/wp\/jobs-karriere\/\" target=\"_self\" role=\"button\" rel=\"noopener\">\n\t\t\t\t\tJobs &#038; Karriere\n\t<\/a>\n\t\t\t\t\t\t\t<img decoding=\"async\" loading=\"lazy\" src=\"https:\/\/gormet.eu\/wp\/wp-content\/uploads\/2022\/06\/Gormet-Mitarbeiter-Produktion.png\" alt=\"Karriere im Maschinenbau bei GORMET SRL\" itemprop=\"image\" height=\"996\" width=\"700\" title=\"Gormet-Mitarbeiter-Produktion\" onerror=\"this.style.display='none'\"  sizes=\"auto, (max-width: 768px) 100vw, 100vw\" srcset=\"https:\/\/gormet.eu\/wp\/wp-content\/uploads\/2022\/06\/Gormet-Mitarbeiter-Produktion.png 700w, https:\/\/gormet.eu\/wp\/wp-content\/uploads\/2022\/06\/Gormet-Mitarbeiter-Produktion-211x300.png 211w, https:\/\/gormet.eu\/wp\/wp-content\/uploads\/2022\/06\/Gormet-Mitarbeiter-Produktion-630x896.png 630w, https:\/\/gormet.eu\/wp\/wp-content\/uploads\/2022\/06\/Gormet-Mitarbeiter-Produktion-420x598.png 420w, https:\/\/gormet.eu\/wp\/wp-content\/uploads\/2022\/06\/Gormet-Mitarbeiter-Produktion-315x448.png 315w\" \/>\t\t\t\t\t\t\t\n\n<\/div><!-- .vgblk-rw-wrapper -->","protected":false},"excerpt":{"rendered":"<p>Zuschnitt\/Anarbeitung H\u00f6chste\u00a0Pr\u00e4zision &#8211; Brennschneiden bis 12.000 mm L\u00e4nge, Schwei\u00dfnahtvorbereitung und Umformung Schwei\u00dfen Herstellung komplexer Stahlbaukomponenten bis 80 Tonnen St\u00fcckgewicht Zerspanung Ihr Partner f\u00fcr Zerspanungstechnik &#8211; CNC Bearbeitung bis 20.000 mm L\u00e4nge Lackieren Strahlen,\u00a0Beschichten\u00a0und lackieren nach Norm, Anforderung und Kundenspezifikation Qualit\u00e4tssicherung Qualit\u00e4tsmanagement mit\u00a0System &#8211; Hausinternes Qualit\u00e4ts- und NDT-Team UT, VT, MT, PT Logistik Europaweite Sondertransporte, Sicherung\u00a0und&#8230;<\/p>\n","protected":false},"author":8,"featured_media":27,"parent":0,"menu_order":0,"comment_status":"closed","ping_status":"closed","template":"","meta":{"_acf_changed":false,"inline_featured_image":false,"footnotes":""},"class_list":["post-11419","page","type-page","status-publish","has-post-thumbnail","hentry"],"acf":[],"yoast_head":"<!-- This site is optimized with the Yoast SEO plugin v27.4 - https:\/\/yoast.com\/product\/yoast-seo-wordpress\/ -->\n<title>Maschinenbau GORMET SRL in Europa \u00bb Schwei\u00dftechnik<\/title>\n<meta name=\"description\" content=\"Spezialist f\u00fcr Anlagen &amp; Maschinenbau \u00bb Bergbau\u2714 Materialtransport\u2714 gro\u00dfe Maschinenbaukomponente \u00bb Schwei\u00dftechnik in Cluj-Napoca Rum\u00e4nien \u00bb\" \/>\n<meta name=\"robots\" content=\"index, follow, max-snippet:-1, max-image-preview:large, max-video-preview:-1\" \/>\n<link rel=\"canonical\" href=\"https:\/\/gormet.eu\/wp\/\" \/>\n<meta property=\"og:locale\" content=\"de_DE\" \/>\n<meta property=\"og:type\" content=\"article\" \/>\n<meta property=\"og:title\" content=\"Maschinenbau GORMET SRL in Europa \u00bb Schwei\u00dftechnik\" \/>\n<meta property=\"og:description\" content=\"Spezialist f\u00fcr Anlagen &amp; Maschinenbau \u00bb Bergbau\u2714 Materialtransport\u2714 gro\u00dfe Maschinenbaukomponente \u00bb Schwei\u00dftechnik in Cluj-Napoca Rum\u00e4nien \u00bb\" \/>\n<meta property=\"og:url\" content=\"https:\/\/gormet.eu\/wp\/\" \/>\n<meta property=\"og:site_name\" content=\"Gormet SRL\" \/>\n<meta property=\"article:modified_time\" content=\"2022-11-14T15:07:52+00:00\" \/>\n<meta property=\"og:image\" content=\"https:\/\/gormet.eu\/wp\/wp-content\/uploads\/2022\/06\/Gormet-Favicon-red-rgb-72.png\" \/>\n\t<meta property=\"og:image:width\" content=\"170\" \/>\n\t<meta property=\"og:image:height\" content=\"169\" \/>\n\t<meta property=\"og:image:type\" content=\"image\/png\" \/>\n<meta name=\"twitter:card\" content=\"summary_large_image\" \/>\n<meta name=\"twitter:label1\" content=\"Gesch\u00e4tzte Lesezeit\" \/>\n\t<meta name=\"twitter:data1\" content=\"5\u00a0Minuten\" \/>\n<script type=\"application\/ld+json\" class=\"yoast-schema-graph\">{\"@context\":\"https:\\\/\\\/schema.org\",\"@graph\":[{\"@type\":\"WebPage\",\"@id\":\"https:\\\/\\\/gormet.eu\\\/wp\\\/\",\"url\":\"https:\\\/\\\/gormet.eu\\\/wp\\\/\",\"name\":\"Maschinenbau GORMET SRL in Europa \u00bb Schwei\u00dftechnik\",\"isPartOf\":{\"@id\":\"https:\\\/\\\/gormet.eu\\\/wp\\\/#website\"},\"primaryImageOfPage\":{\"@id\":\"https:\\\/\\\/gormet.eu\\\/wp\\\/#primaryimage\"},\"image\":{\"@id\":\"https:\\\/\\\/gormet.eu\\\/wp\\\/#primaryimage\"},\"thumbnailUrl\":\"https:\\\/\\\/gormet.eu\\\/wp\\\/wp-content\\\/uploads\\\/2022\\\/06\\\/Gormet-Favicon-red-rgb-72.png\",\"datePublished\":\"2022-08-21T16:29:56+00:00\",\"dateModified\":\"2022-11-14T15:07:52+00:00\",\"description\":\"Spezialist f\u00fcr Anlagen & Maschinenbau \u00bb Bergbau\u2714 Materialtransport\u2714 gro\u00dfe Maschinenbaukomponente \u00bb Schwei\u00dftechnik in Cluj-Napoca Rum\u00e4nien \u00bb\",\"breadcrumb\":{\"@id\":\"https:\\\/\\\/gormet.eu\\\/wp\\\/#breadcrumb\"},\"inLanguage\":\"de\",\"potentialAction\":[{\"@type\":\"ReadAction\",\"target\":[\"https:\\\/\\\/gormet.eu\\\/wp\\\/\"]}]},{\"@type\":\"ImageObject\",\"inLanguage\":\"de\",\"@id\":\"https:\\\/\\\/gormet.eu\\\/wp\\\/#primaryimage\",\"url\":\"https:\\\/\\\/gormet.eu\\\/wp\\\/wp-content\\\/uploads\\\/2022\\\/06\\\/Gormet-Favicon-red-rgb-72.png\",\"contentUrl\":\"https:\\\/\\\/gormet.eu\\\/wp\\\/wp-content\\\/uploads\\\/2022\\\/06\\\/Gormet-Favicon-red-rgb-72.png\",\"width\":170,\"height\":169,\"caption\":\"GORMET-brand-icon-red\"},{\"@type\":\"BreadcrumbList\",\"@id\":\"https:\\\/\\\/gormet.eu\\\/wp\\\/#breadcrumb\",\"itemListElement\":[{\"@type\":\"ListItem\",\"position\":1,\"name\":\"Startseite\",\"item\":\"https:\\\/\\\/gormet.eu\\\/wp\\\/\"},{\"@type\":\"ListItem\",\"position\":2,\"name\":\"Startseite\"}]},{\"@type\":\"WebSite\",\"@id\":\"https:\\\/\\\/gormet.eu\\\/wp\\\/#website\",\"url\":\"https:\\\/\\\/gormet.eu\\\/wp\\\/\",\"name\":\"Gormet SRL\",\"description\":\"\",\"publisher\":{\"@id\":\"https:\\\/\\\/gormet.eu\\\/wp\\\/#organization\"},\"potentialAction\":[{\"@type\":\"SearchAction\",\"target\":{\"@type\":\"EntryPoint\",\"urlTemplate\":\"https:\\\/\\\/gormet.eu\\\/wp\\\/?s={search_term_string}\"},\"query-input\":{\"@type\":\"PropertyValueSpecification\",\"valueRequired\":true,\"valueName\":\"search_term_string\"}}],\"inLanguage\":\"de\"},{\"@type\":\"Organization\",\"@id\":\"https:\\\/\\\/gormet.eu\\\/wp\\\/#organization\",\"name\":\"Gormet SRL\",\"url\":\"https:\\\/\\\/gormet.eu\\\/wp\\\/\",\"logo\":{\"@type\":\"ImageObject\",\"inLanguage\":\"de\",\"@id\":\"https:\\\/\\\/gormet.eu\\\/wp\\\/#\\\/schema\\\/logo\\\/image\\\/\",\"url\":\"https:\\\/\\\/gormet.eu\\\/wp\\\/wp-content\\\/uploads\\\/2022\\\/06\\\/Gormet-red-rgb-72-250p.png\",\"contentUrl\":\"https:\\\/\\\/gormet.eu\\\/wp\\\/wp-content\\\/uploads\\\/2022\\\/06\\\/Gormet-red-rgb-72-250p.png\",\"width\":250,\"height\":56,\"caption\":\"Gormet SRL\"},\"image\":{\"@id\":\"https:\\\/\\\/gormet.eu\\\/wp\\\/#\\\/schema\\\/logo\\\/image\\\/\"}}]}<\/script>\n<!-- \/ Yoast SEO plugin. -->","yoast_head_json":{"title":"Maschinenbau GORMET SRL in Europa \u00bb Schwei\u00dftechnik","description":"Spezialist f\u00fcr Anlagen & Maschinenbau \u00bb Bergbau\u2714 Materialtransport\u2714 gro\u00dfe Maschinenbaukomponente \u00bb Schwei\u00dftechnik in Cluj-Napoca Rum\u00e4nien \u00bb","robots":{"index":"index","follow":"follow","max-snippet":"max-snippet:-1","max-image-preview":"max-image-preview:large","max-video-preview":"max-video-preview:-1"},"canonical":"https:\/\/gormet.eu\/wp\/","og_locale":"de_DE","og_type":"article","og_title":"Maschinenbau GORMET SRL in Europa \u00bb Schwei\u00dftechnik","og_description":"Spezialist f\u00fcr Anlagen & Maschinenbau \u00bb Bergbau\u2714 Materialtransport\u2714 gro\u00dfe Maschinenbaukomponente \u00bb Schwei\u00dftechnik in Cluj-Napoca Rum\u00e4nien \u00bb","og_url":"https:\/\/gormet.eu\/wp\/","og_site_name":"Gormet SRL","article_modified_time":"2022-11-14T15:07:52+00:00","og_image":[{"width":170,"height":169,"url":"https:\/\/gormet.eu\/wp\/wp-content\/uploads\/2022\/06\/Gormet-Favicon-red-rgb-72.png","type":"image\/png"}],"twitter_card":"summary_large_image","twitter_misc":{"Gesch\u00e4tzte Lesezeit":"5\u00a0Minuten"},"schema":{"@context":"https:\/\/schema.org","@graph":[{"@type":"WebPage","@id":"https:\/\/gormet.eu\/wp\/","url":"https:\/\/gormet.eu\/wp\/","name":"Maschinenbau GORMET SRL in Europa \u00bb Schwei\u00dftechnik","isPartOf":{"@id":"https:\/\/gormet.eu\/wp\/#website"},"primaryImageOfPage":{"@id":"https:\/\/gormet.eu\/wp\/#primaryimage"},"image":{"@id":"https:\/\/gormet.eu\/wp\/#primaryimage"},"thumbnailUrl":"https:\/\/gormet.eu\/wp\/wp-content\/uploads\/2022\/06\/Gormet-Favicon-red-rgb-72.png","datePublished":"2022-08-21T16:29:56+00:00","dateModified":"2022-11-14T15:07:52+00:00","description":"Spezialist f\u00fcr Anlagen & Maschinenbau \u00bb Bergbau\u2714 Materialtransport\u2714 gro\u00dfe Maschinenbaukomponente \u00bb Schwei\u00dftechnik in Cluj-Napoca Rum\u00e4nien \u00bb","breadcrumb":{"@id":"https:\/\/gormet.eu\/wp\/#breadcrumb"},"inLanguage":"de","potentialAction":[{"@type":"ReadAction","target":["https:\/\/gormet.eu\/wp\/"]}]},{"@type":"ImageObject","inLanguage":"de","@id":"https:\/\/gormet.eu\/wp\/#primaryimage","url":"https:\/\/gormet.eu\/wp\/wp-content\/uploads\/2022\/06\/Gormet-Favicon-red-rgb-72.png","contentUrl":"https:\/\/gormet.eu\/wp\/wp-content\/uploads\/2022\/06\/Gormet-Favicon-red-rgb-72.png","width":170,"height":169,"caption":"GORMET-brand-icon-red"},{"@type":"BreadcrumbList","@id":"https:\/\/gormet.eu\/wp\/#breadcrumb","itemListElement":[{"@type":"ListItem","position":1,"name":"Startseite","item":"https:\/\/gormet.eu\/wp\/"},{"@type":"ListItem","position":2,"name":"Startseite"}]},{"@type":"WebSite","@id":"https:\/\/gormet.eu\/wp\/#website","url":"https:\/\/gormet.eu\/wp\/","name":"Gormet SRL","description":"","publisher":{"@id":"https:\/\/gormet.eu\/wp\/#organization"},"potentialAction":[{"@type":"SearchAction","target":{"@type":"EntryPoint","urlTemplate":"https:\/\/gormet.eu\/wp\/?s={search_term_string}"},"query-input":{"@type":"PropertyValueSpecification","valueRequired":true,"valueName":"search_term_string"}}],"inLanguage":"de"},{"@type":"Organization","@id":"https:\/\/gormet.eu\/wp\/#organization","name":"Gormet SRL","url":"https:\/\/gormet.eu\/wp\/","logo":{"@type":"ImageObject","inLanguage":"de","@id":"https:\/\/gormet.eu\/wp\/#\/schema\/logo\/image\/","url":"https:\/\/gormet.eu\/wp\/wp-content\/uploads\/2022\/06\/Gormet-red-rgb-72-250p.png","contentUrl":"https:\/\/gormet.eu\/wp\/wp-content\/uploads\/2022\/06\/Gormet-red-rgb-72-250p.png","width":250,"height":56,"caption":"Gormet SRL"},"image":{"@id":"https:\/\/gormet.eu\/wp\/#\/schema\/logo\/image\/"}}]}},"jetpack_sharing_enabled":true,"_links":{"self":[{"href":"https:\/\/gormet.eu\/wp\/wp-json\/wp\/v2\/pages\/11419","targetHints":{"allow":["GET"]}}],"collection":[{"href":"https:\/\/gormet.eu\/wp\/wp-json\/wp\/v2\/pages"}],"about":[{"href":"https:\/\/gormet.eu\/wp\/wp-json\/wp\/v2\/types\/page"}],"author":[{"embeddable":true,"href":"https:\/\/gormet.eu\/wp\/wp-json\/wp\/v2\/users\/8"}],"replies":[{"embeddable":true,"href":"https:\/\/gormet.eu\/wp\/wp-json\/wp\/v2\/comments?post=11419"}],"version-history":[{"count":93,"href":"https:\/\/gormet.eu\/wp\/wp-json\/wp\/v2\/pages\/11419\/revisions"}],"predecessor-version":[{"id":989217,"href":"https:\/\/gormet.eu\/wp\/wp-json\/wp\/v2\/pages\/11419\/revisions\/989217"}],"wp:featuredmedia":[{"embeddable":true,"href":"https:\/\/gormet.eu\/wp\/wp-json\/wp\/v2\/media\/27"}],"wp:attachment":[{"href":"https:\/\/gormet.eu\/wp\/wp-json\/wp\/v2\/media?parent=11419"}],"curies":[{"name":"wp","href":"https:\/\/api.w.org\/{rel}","templated":true}]}}