{"id":40,"date":"2022-06-21T20:17:27","date_gmt":"2022-06-21T20:17:27","guid":{"rendered":"https:\/\/gormet.eu\/wp\/?page_id=40"},"modified":"2025-06-25T18:28:15","modified_gmt":"2025-06-25T18:28:15","slug":"impressum","status":"publish","type":"page","link":"https:\/\/gormet.eu\/wp\/impressum\/","title":{"rendered":"Impressum"},"content":{"rendered":"<div class=\"vgblk-rw-wrapper limit-wrapper\">\n\n\t\n<p><img loading=\"lazy\" decoding=\"async\" src=\"https:\/\/gormet.eu\/wp\/wp-content\/uploads\/2022\/06\/Gormet-Favicon-red-rgb-72.png\" sizes=\"auto, (max-width: 170px) 100vw, 170px\" srcset=\"https:\/\/gormet.eu\/wp\/wp-content\/uploads\/2022\/06\/Gormet-Favicon-red-rgb-72.png 170w, https:\/\/gormet.eu\/wp\/wp-content\/uploads\/2022\/06\/Gormet-Favicon-red-rgb-72-150x150.png 150w\" alt=\"GORMET-brand-icon-red\" width=\"38\" height=\"38\" \/><\/p>\n<strong>GORMET SRL<\/strong><br \/>\nB-dul Muncii nr. 18 B<br \/>\n400641 Cluj Napoca<br \/>\nJud. Cluj, Romania\nTelefon: +40 264 415 228<br \/>\nTelefax: +40 372 872 646<br \/>\nE-Mail:\u00a0<a href=\"mailto:office@gormet.eu\">office@gormet.eu<\/a><br \/>\nWeb: <a href=\"http:\/\/www.gormet.eu\">www.gormet.eu<\/a>\n<strong>Inhaltlich verantwortlich im Sinne des \u00a7 18 Abs. 2 MStV:<\/strong><br \/>\nJ\u00f3zsef Imre<br \/>\nB-dul Muncii nr. 18 B<br \/>\n400641 Cluj Napoca<br \/>\nJud. Cluj, Romania\n<strong>Code fiscal<\/strong><br \/>\nRO19105741<br \/>\n<strong>Nr. Reg. Com<\/strong><br \/>\nJ12\/3411\/16. 10.2006\n<strong>Urheber- und Kennzeichenrecht<\/strong><br \/>\nDie erstellten Inhalte und Werke auf diesen Seiten unterliegen dem Urheberrecht, Markenrecht und anderen Gesetzen zum Schutz geistigen Eigentums. Alle vom deutschen Urheber- und Leistungsschutzrecht nicht zugelassene Verwertung bedarf der vorherigen schriftlichen Zustimmung des Anbieters oder jeweiligen Rechteinhabers. Dies gilt vor allem f\u00fcr Vervielf\u00e4ltigung, Bearbeitung, \u00dcbersetzung, Einspeicherung, Verarbeitung bzw. Wiedergabe von Inhalten. Soweit die Inhalte auf dieser Seite nicht vom Betreiber erstellt wurden, werden die Urheberrechte Dritter beachtet. Sollten Sie trotzdem auf eine Urheberrechtsverletzung aufmerksam werden, bitten wir um einen entsprechenden Hinweis. Bei Bekanntwerden von Rechtsverletzungen werden wir derartige Inhalte umgehend entfernen.\n<strong>Verbraucherschlichtung<\/strong><br \/>\nWir sind verpflichtet Verbraucher auf die Existenz der Europ\u00e4ischen Online-Streitbeilegungs-Plattform hinzuweisen gem\u00e4\u00df \u00a7 36 Verbraucherstreitbeilegungsgesetz (VSBG). Hierf\u00fcr h\u00e4lt die EU-Kommission ein Portal bereit. Sie k\u00f6nnen die Online-Streitbeilegungs-Plattform unter dem folgenden Link erreichen: <a href=\"https:\/\/ec.europa.eu\/consumers\/odr\/\">http:\/\/ec.europa.eu\/odr<\/a>. Wir weisen darauf hin, dass wir weder verpflichtet noch bereit sind, an Streitbeilegungsverfahren teilzunehmen.\n<strong>Datenschutz<\/strong><br \/>\nAusf\u00fchrliche Informationen zum Umgang mit Ihren Daten erhalten Sie bei unserer Datenschutzerkl\u00e4rung\n<strong>Bildnachweis<\/strong><br \/>\nWir verwenden Bilder von <a href=\"https:\/\/www.istockphoto.com\/de\">iStockimages<\/a>\n<p>Dieses Impressum gilt auch f\u00fcr unsere Social-Media Profile.<\/p>\n\n<\/div><!-- .vgblk-rw-wrapper -->","protected":false},"excerpt":{"rendered":"<p>GORMET SRL B-dul Muncii nr. 18 B 400641 Cluj Napoca Jud. Cluj, Romania Telefon: +40 264 415 228 Telefax: +40 372 872 646 E-Mail:\u00a0office@gormet.eu Web: www.gormet.eu Inhaltlich verantwortlich im Sinne des \u00a7 18 Abs. 2 MStV: J\u00f3zsef Imre B-dul Muncii nr. 18 B 400641 Cluj Napoca Jud. Cluj, Romania Code fiscal RO19105741 Nr. Reg. Com&#8230;<\/p>\n","protected":false},"author":8,"featured_media":0,"parent":0,"menu_order":0,"comment_status":"closed","ping_status":"closed","template":"","meta":{"_acf_changed":false,"inline_featured_image":false,"footnotes":""},"class_list":["post-40","page","type-page","status-publish","hentry"],"acf":[],"yoast_head":"<!-- This site is optimized with the Yoast SEO plugin v27.5 - https:\/\/yoast.com\/product\/yoast-seo-wordpress\/ -->\n<title>Impressum \u00bb GORMET SRL | www.gormet.eu<\/title>\n<meta name=\"description\" content=\"Kontaktieren Sie uns \u00bb GORMET SRL, B-dul Muncii nr. 18, B400641 Cluj NapoccaJud. Cluj, Romania | www.gormet.eu \u00bb Impressum\" \/>\n<meta name=\"robots\" content=\"index, follow, max-snippet:-1, max-image-preview:large, max-video-preview:-1\" \/>\n<link rel=\"canonical\" href=\"https:\/\/gormet.eu\/wp\/impressum\/\" \/>\n<meta property=\"og:locale\" content=\"de_DE\" \/>\n<meta property=\"og:type\" content=\"article\" \/>\n<meta property=\"og:title\" content=\"Impressum \u00bb GORMET SRL | www.gormet.eu\" \/>\n<meta property=\"og:description\" content=\"Kontaktieren Sie uns \u00bb GORMET SRL, B-dul Muncii nr. 18, B400641 Cluj NapoccaJud. Cluj, Romania | www.gormet.eu \u00bb Impressum\" \/>\n<meta property=\"og:url\" content=\"https:\/\/gormet.eu\/wp\/impressum\/\" \/>\n<meta property=\"og:site_name\" content=\"Gormet SRL\" \/>\n<meta property=\"article:modified_time\" content=\"2025-06-25T18:28:15+00:00\" \/>\n<meta property=\"og:image\" content=\"https:\/\/gormet.eu\/wp\/wp-content\/uploads\/2022\/06\/Gormet-Favicon-red-rgb-72.png\" \/>\n<meta name=\"twitter:card\" content=\"summary_large_image\" \/>\n<meta name=\"twitter:label1\" content=\"Gesch\u00e4tzte Lesezeit\" \/>\n\t<meta name=\"twitter:data1\" content=\"2\u00a0Minuten\" \/>\n<script type=\"application\/ld+json\" class=\"yoast-schema-graph\">{\"@context\":\"https:\\\/\\\/schema.org\",\"@graph\":[{\"@type\":\"WebPage\",\"@id\":\"https:\\\/\\\/gormet.eu\\\/wp\\\/impressum\\\/\",\"url\":\"https:\\\/\\\/gormet.eu\\\/wp\\\/impressum\\\/\",\"name\":\"Impressum \u00bb GORMET SRL | www.gormet.eu\",\"isPartOf\":{\"@id\":\"https:\\\/\\\/gormet.eu\\\/wp\\\/#website\"},\"primaryImageOfPage\":{\"@id\":\"https:\\\/\\\/gormet.eu\\\/wp\\\/impressum\\\/#primaryimage\"},\"image\":{\"@id\":\"https:\\\/\\\/gormet.eu\\\/wp\\\/impressum\\\/#primaryimage\"},\"thumbnailUrl\":\"https:\\\/\\\/gormet.eu\\\/wp\\\/wp-content\\\/uploads\\\/2022\\\/06\\\/Gormet-Favicon-red-rgb-72.png\",\"datePublished\":\"2022-06-21T20:17:27+00:00\",\"dateModified\":\"2025-06-25T18:28:15+00:00\",\"description\":\"Kontaktieren Sie uns \u00bb GORMET SRL, B-dul Muncii nr. 18, B400641 Cluj NapoccaJud. Cluj, Romania | www.gormet.eu \u00bb Impressum\",\"breadcrumb\":{\"@id\":\"https:\\\/\\\/gormet.eu\\\/wp\\\/impressum\\\/#breadcrumb\"},\"inLanguage\":\"de\",\"potentialAction\":[{\"@type\":\"ReadAction\",\"target\":[\"https:\\\/\\\/gormet.eu\\\/wp\\\/impressum\\\/\"]}]},{\"@type\":\"ImageObject\",\"inLanguage\":\"de\",\"@id\":\"https:\\\/\\\/gormet.eu\\\/wp\\\/impressum\\\/#primaryimage\",\"url\":\"https:\\\/\\\/gormet.eu\\\/wp\\\/wp-content\\\/uploads\\\/2022\\\/06\\\/Gormet-Favicon-red-rgb-72.png\",\"contentUrl\":\"https:\\\/\\\/gormet.eu\\\/wp\\\/wp-content\\\/uploads\\\/2022\\\/06\\\/Gormet-Favicon-red-rgb-72.png\",\"width\":170,\"height\":169,\"caption\":\"GORMET-brand-icon-red\"},{\"@type\":\"BreadcrumbList\",\"@id\":\"https:\\\/\\\/gormet.eu\\\/wp\\\/impressum\\\/#breadcrumb\",\"itemListElement\":[{\"@type\":\"ListItem\",\"position\":1,\"name\":\"Startseite\",\"item\":\"https:\\\/\\\/gormet.eu\\\/wp\\\/\"},{\"@type\":\"ListItem\",\"position\":2,\"name\":\"Impressum\"}]},{\"@type\":\"WebSite\",\"@id\":\"https:\\\/\\\/gormet.eu\\\/wp\\\/#website\",\"url\":\"https:\\\/\\\/gormet.eu\\\/wp\\\/\",\"name\":\"Gormet SRL\",\"description\":\"\",\"publisher\":{\"@id\":\"https:\\\/\\\/gormet.eu\\\/wp\\\/#organization\"},\"potentialAction\":[{\"@type\":\"SearchAction\",\"target\":{\"@type\":\"EntryPoint\",\"urlTemplate\":\"https:\\\/\\\/gormet.eu\\\/wp\\\/?s={search_term_string}\"},\"query-input\":{\"@type\":\"PropertyValueSpecification\",\"valueRequired\":true,\"valueName\":\"search_term_string\"}}],\"inLanguage\":\"de\"},{\"@type\":\"Organization\",\"@id\":\"https:\\\/\\\/gormet.eu\\\/wp\\\/#organization\",\"name\":\"Gormet SRL\",\"url\":\"https:\\\/\\\/gormet.eu\\\/wp\\\/\",\"logo\":{\"@type\":\"ImageObject\",\"inLanguage\":\"de\",\"@id\":\"https:\\\/\\\/gormet.eu\\\/wp\\\/#\\\/schema\\\/logo\\\/image\\\/\",\"url\":\"https:\\\/\\\/gormet.eu\\\/wp\\\/wp-content\\\/uploads\\\/2022\\\/06\\\/Gormet-red-rgb-72-250p.png\",\"contentUrl\":\"https:\\\/\\\/gormet.eu\\\/wp\\\/wp-content\\\/uploads\\\/2022\\\/06\\\/Gormet-red-rgb-72-250p.png\",\"width\":250,\"height\":56,\"caption\":\"Gormet SRL\"},\"image\":{\"@id\":\"https:\\\/\\\/gormet.eu\\\/wp\\\/#\\\/schema\\\/logo\\\/image\\\/\"}}]}<\/script>\n<!-- \/ Yoast SEO plugin. -->","yoast_head_json":{"title":"Impressum \u00bb GORMET SRL | www.gormet.eu","description":"Kontaktieren Sie uns \u00bb GORMET SRL, B-dul Muncii nr. 18, B400641 Cluj NapoccaJud. Cluj, Romania | www.gormet.eu \u00bb Impressum","robots":{"index":"index","follow":"follow","max-snippet":"max-snippet:-1","max-image-preview":"max-image-preview:large","max-video-preview":"max-video-preview:-1"},"canonical":"https:\/\/gormet.eu\/wp\/impressum\/","og_locale":"de_DE","og_type":"article","og_title":"Impressum \u00bb GORMET SRL | www.gormet.eu","og_description":"Kontaktieren Sie uns \u00bb GORMET SRL, B-dul Muncii nr. 18, B400641 Cluj NapoccaJud. Cluj, Romania | www.gormet.eu \u00bb Impressum","og_url":"https:\/\/gormet.eu\/wp\/impressum\/","og_site_name":"Gormet SRL","article_modified_time":"2025-06-25T18:28:15+00:00","og_image":[{"url":"https:\/\/gormet.eu\/wp\/wp-content\/uploads\/2022\/06\/Gormet-Favicon-red-rgb-72.png","type":"","width":"","height":""}],"twitter_card":"summary_large_image","twitter_misc":{"Gesch\u00e4tzte Lesezeit":"2\u00a0Minuten"},"schema":{"@context":"https:\/\/schema.org","@graph":[{"@type":"WebPage","@id":"https:\/\/gormet.eu\/wp\/impressum\/","url":"https:\/\/gormet.eu\/wp\/impressum\/","name":"Impressum \u00bb GORMET SRL | www.gormet.eu","isPartOf":{"@id":"https:\/\/gormet.eu\/wp\/#website"},"primaryImageOfPage":{"@id":"https:\/\/gormet.eu\/wp\/impressum\/#primaryimage"},"image":{"@id":"https:\/\/gormet.eu\/wp\/impressum\/#primaryimage"},"thumbnailUrl":"https:\/\/gormet.eu\/wp\/wp-content\/uploads\/2022\/06\/Gormet-Favicon-red-rgb-72.png","datePublished":"2022-06-21T20:17:27+00:00","dateModified":"2025-06-25T18:28:15+00:00","description":"Kontaktieren Sie uns \u00bb GORMET SRL, B-dul Muncii nr. 18, B400641 Cluj NapoccaJud. Cluj, Romania | www.gormet.eu \u00bb Impressum","breadcrumb":{"@id":"https:\/\/gormet.eu\/wp\/impressum\/#breadcrumb"},"inLanguage":"de","potentialAction":[{"@type":"ReadAction","target":["https:\/\/gormet.eu\/wp\/impressum\/"]}]},{"@type":"ImageObject","inLanguage":"de","@id":"https:\/\/gormet.eu\/wp\/impressum\/#primaryimage","url":"https:\/\/gormet.eu\/wp\/wp-content\/uploads\/2022\/06\/Gormet-Favicon-red-rgb-72.png","contentUrl":"https:\/\/gormet.eu\/wp\/wp-content\/uploads\/2022\/06\/Gormet-Favicon-red-rgb-72.png","width":170,"height":169,"caption":"GORMET-brand-icon-red"},{"@type":"BreadcrumbList","@id":"https:\/\/gormet.eu\/wp\/impressum\/#breadcrumb","itemListElement":[{"@type":"ListItem","position":1,"name":"Startseite","item":"https:\/\/gormet.eu\/wp\/"},{"@type":"ListItem","position":2,"name":"Impressum"}]},{"@type":"WebSite","@id":"https:\/\/gormet.eu\/wp\/#website","url":"https:\/\/gormet.eu\/wp\/","name":"Gormet SRL","description":"","publisher":{"@id":"https:\/\/gormet.eu\/wp\/#organization"},"potentialAction":[{"@type":"SearchAction","target":{"@type":"EntryPoint","urlTemplate":"https:\/\/gormet.eu\/wp\/?s={search_term_string}"},"query-input":{"@type":"PropertyValueSpecification","valueRequired":true,"valueName":"search_term_string"}}],"inLanguage":"de"},{"@type":"Organization","@id":"https:\/\/gormet.eu\/wp\/#organization","name":"Gormet SRL","url":"https:\/\/gormet.eu\/wp\/","logo":{"@type":"ImageObject","inLanguage":"de","@id":"https:\/\/gormet.eu\/wp\/#\/schema\/logo\/image\/","url":"https:\/\/gormet.eu\/wp\/wp-content\/uploads\/2022\/06\/Gormet-red-rgb-72-250p.png","contentUrl":"https:\/\/gormet.eu\/wp\/wp-content\/uploads\/2022\/06\/Gormet-red-rgb-72-250p.png","width":250,"height":56,"caption":"Gormet SRL"},"image":{"@id":"https:\/\/gormet.eu\/wp\/#\/schema\/logo\/image\/"}}]}},"jetpack_sharing_enabled":true,"_links":{"self":[{"href":"https:\/\/gormet.eu\/wp\/wp-json\/wp\/v2\/pages\/40","targetHints":{"allow":["GET"]}}],"collection":[{"href":"https:\/\/gormet.eu\/wp\/wp-json\/wp\/v2\/pages"}],"about":[{"href":"https:\/\/gormet.eu\/wp\/wp-json\/wp\/v2\/types\/page"}],"author":[{"embeddable":true,"href":"https:\/\/gormet.eu\/wp\/wp-json\/wp\/v2\/users\/8"}],"replies":[{"embeddable":true,"href":"https:\/\/gormet.eu\/wp\/wp-json\/wp\/v2\/comments?post=40"}],"version-history":[{"count":37,"href":"https:\/\/gormet.eu\/wp\/wp-json\/wp\/v2\/pages\/40\/revisions"}],"predecessor-version":[{"id":989671,"href":"https:\/\/gormet.eu\/wp\/wp-json\/wp\/v2\/pages\/40\/revisions\/989671"}],"wp:attachment":[{"href":"https:\/\/gormet.eu\/wp\/wp-json\/wp\/v2\/media?parent=40"}],"curies":[{"name":"wp","href":"https:\/\/api.w.org\/{rel}","templated":true}]}}