{"id":988099,"date":"2022-07-05T09:35:13","date_gmt":"2022-07-05T09:35:13","guid":{"rendered":"https:\/\/gormet.eu\/wp\/?page_id=988099"},"modified":"2024-03-07T09:52:32","modified_gmt":"2024-03-07T09:52:32","slug":"kontakt","status":"publish","type":"page","link":"https:\/\/gormet.eu\/wp\/kontakt\/","title":{"rendered":"Kontakt"},"content":{"rendered":"<div class=\"vgblk-rw-wrapper limit-wrapper\">\n<h2>\n\tUnser Team<br \/> ist f\u00fcr Sie da.\n\t<\/h2>\n\t\t\t\t\t\t\t<img loading=\"lazy\" decoding=\"async\" src=\"https:\/\/gormet.eu\/wp\/wp-content\/uploads\/2022\/06\/Gormet-red-rgb-72-250p.png\" alt=\"Gormet main logo red\" itemprop=\"image\" height=\"56\" width=\"250\" title=\"Gormet-red-rgb-72-250p\" onerror=\"this.style.display='none'\"  sizes=\"auto, (max-width: 768px) 100vw, 100vw\"\/>\t\t\t\t\t\t\t\n\t<h2>GORMET SRL<\/h2>\nB-dul Muncii nr. 18 B<br \/>\n400641 Cluj Napoca<br \/>\nJud. Cluj, Romania\n\t<h2><strong>Kontakt Verwaltung<\/strong><\/h2>\nSie haben eine Kontaktanfrage?<br \/>\nZ\u00f6gern Sie nicht, uns zu kontaktieren\n<h4>\n\t+40 264 415 228\n\t<\/h4>\n<h4>\n\toffice@gormet.eu\n\t<\/h4>\n<h4>\n\tB\u00fcrozeiten\n\t<\/h4>\n\t<p>Montag &#8211; Freitag: 08:00 &#8211; 17:00 Uhr<\/p>\n\t<h3>Kontaktformular<\/h3>\n\tHinweis: F\u00fcr diesen Inhalt ist JavaScript erforderlich.\n        <!-- That data is being printed as a workaround to page builders reordering the order of the scripts loaded-->\n\t\t<iframe src=\"https:\/\/maps.google.com\/maps?q=GORMET+SRL+%7C+B-dul+Muncii+nr.+18+B+%7C+400641+Cluj+Napoca&#038;iwloc=near&#038;output=embed\" height=\"400\" frameborder=\"0\" loading=\"lazy\"><\/iframe>\n\n<\/div><!-- .vgblk-rw-wrapper -->","protected":false},"excerpt":{"rendered":"<p>Unser Team ist f\u00fcr Sie da. GORMET SRL B-dul Muncii nr. 18 B 400641 Cluj Napoca Jud. Cluj, Romania Kontakt Verwaltung Sie haben eine Kontaktanfrage? Z\u00f6gern Sie nicht, uns zu kontaktieren +40 264 415 228 office@gormet.eu B\u00fcrozeiten Montag &#8211; Freitag: 08:00 &#8211; 17:00 Uhr Kontaktformular Hinweis: F\u00fcr diesen Inhalt ist JavaScript erforderlich.<\/p>\n","protected":false},"author":8,"featured_media":0,"parent":0,"menu_order":0,"comment_status":"closed","ping_status":"closed","template":"","meta":{"_acf_changed":false,"inline_featured_image":false,"footnotes":""},"class_list":["post-988099","page","type-page","status-publish","hentry"],"acf":[],"yoast_head":"<!-- This site is optimized with the Yoast SEO plugin v27.5 - https:\/\/yoast.com\/product\/yoast-seo-wordpress\/ -->\n<title>Kontakt GORMET SRL | Kontaktieren Sie uns<\/title>\n<meta name=\"description\" content=\"Wir freuen uns auf die Zusammenarbeit. Kontakt \u00bb office@gromet.eu | +40 264 415 228 | GORMET SRL, B-dul Muncii nr. 18 B, 400641 Cluj Napoca\" \/>\n<meta name=\"robots\" content=\"index, follow, max-snippet:-1, max-image-preview:large, max-video-preview:-1\" \/>\n<link rel=\"canonical\" href=\"https:\/\/gormet.eu\/wp\/kontakt\/\" \/>\n<meta property=\"og:locale\" content=\"de_DE\" \/>\n<meta property=\"og:type\" content=\"article\" \/>\n<meta property=\"og:title\" content=\"Kontakt GORMET SRL | Kontaktieren Sie uns\" \/>\n<meta property=\"og:description\" content=\"Wir freuen uns auf die Zusammenarbeit. Kontakt \u00bb office@gromet.eu | +40 264 415 228 | GORMET SRL, B-dul Muncii nr. 18 B, 400641 Cluj Napoca\" \/>\n<meta property=\"og:url\" content=\"https:\/\/gormet.eu\/wp\/kontakt\/\" \/>\n<meta property=\"og:site_name\" content=\"Gormet SRL\" \/>\n<meta property=\"article:modified_time\" content=\"2024-03-07T09:52:32+00:00\" \/>\n<meta property=\"og:image\" content=\"https:\/\/gormet.eu\/wp\/wp-content\/uploads\/2022\/06\/Gormet-red-rgb-72-250p.png\" \/>\n<meta name=\"twitter:card\" content=\"summary_large_image\" \/>\n<meta name=\"twitter:label1\" content=\"Gesch\u00e4tzte Lesezeit\" \/>\n\t<meta name=\"twitter:data1\" content=\"1\u00a0Minute\" \/>\n<script type=\"application\/ld+json\" class=\"yoast-schema-graph\">{\"@context\":\"https:\\\/\\\/schema.org\",\"@graph\":[{\"@type\":\"WebPage\",\"@id\":\"https:\\\/\\\/gormet.eu\\\/wp\\\/kontakt\\\/\",\"url\":\"https:\\\/\\\/gormet.eu\\\/wp\\\/kontakt\\\/\",\"name\":\"Kontakt GORMET SRL | Kontaktieren Sie uns\",\"isPartOf\":{\"@id\":\"https:\\\/\\\/gormet.eu\\\/wp\\\/#website\"},\"primaryImageOfPage\":{\"@id\":\"https:\\\/\\\/gormet.eu\\\/wp\\\/kontakt\\\/#primaryimage\"},\"image\":{\"@id\":\"https:\\\/\\\/gormet.eu\\\/wp\\\/kontakt\\\/#primaryimage\"},\"thumbnailUrl\":\"https:\\\/\\\/gormet.eu\\\/wp\\\/wp-content\\\/uploads\\\/2022\\\/06\\\/Gormet-red-rgb-72-250p.png\",\"datePublished\":\"2022-07-05T09:35:13+00:00\",\"dateModified\":\"2024-03-07T09:52:32+00:00\",\"description\":\"Wir freuen uns auf die Zusammenarbeit. Kontakt \u00bb office@gromet.eu | +40 264 415 228 | GORMET SRL, B-dul Muncii nr. 18 B, 400641 Cluj Napoca\",\"breadcrumb\":{\"@id\":\"https:\\\/\\\/gormet.eu\\\/wp\\\/kontakt\\\/#breadcrumb\"},\"inLanguage\":\"de\",\"potentialAction\":[{\"@type\":\"ReadAction\",\"target\":[\"https:\\\/\\\/gormet.eu\\\/wp\\\/kontakt\\\/\"]}]},{\"@type\":\"ImageObject\",\"inLanguage\":\"de\",\"@id\":\"https:\\\/\\\/gormet.eu\\\/wp\\\/kontakt\\\/#primaryimage\",\"url\":\"https:\\\/\\\/gormet.eu\\\/wp\\\/wp-content\\\/uploads\\\/2022\\\/06\\\/Gormet-red-rgb-72-250p.png\",\"contentUrl\":\"https:\\\/\\\/gormet.eu\\\/wp\\\/wp-content\\\/uploads\\\/2022\\\/06\\\/Gormet-red-rgb-72-250p.png\"},{\"@type\":\"BreadcrumbList\",\"@id\":\"https:\\\/\\\/gormet.eu\\\/wp\\\/kontakt\\\/#breadcrumb\",\"itemListElement\":[{\"@type\":\"ListItem\",\"position\":1,\"name\":\"Startseite\",\"item\":\"https:\\\/\\\/gormet.eu\\\/wp\\\/\"},{\"@type\":\"ListItem\",\"position\":2,\"name\":\"Kontakt\"}]},{\"@type\":\"WebSite\",\"@id\":\"https:\\\/\\\/gormet.eu\\\/wp\\\/#website\",\"url\":\"https:\\\/\\\/gormet.eu\\\/wp\\\/\",\"name\":\"Gormet SRL\",\"description\":\"\",\"publisher\":{\"@id\":\"https:\\\/\\\/gormet.eu\\\/wp\\\/#organization\"},\"potentialAction\":[{\"@type\":\"SearchAction\",\"target\":{\"@type\":\"EntryPoint\",\"urlTemplate\":\"https:\\\/\\\/gormet.eu\\\/wp\\\/?s={search_term_string}\"},\"query-input\":{\"@type\":\"PropertyValueSpecification\",\"valueRequired\":true,\"valueName\":\"search_term_string\"}}],\"inLanguage\":\"de\"},{\"@type\":\"Organization\",\"@id\":\"https:\\\/\\\/gormet.eu\\\/wp\\\/#organization\",\"name\":\"Gormet SRL\",\"url\":\"https:\\\/\\\/gormet.eu\\\/wp\\\/\",\"logo\":{\"@type\":\"ImageObject\",\"inLanguage\":\"de\",\"@id\":\"https:\\\/\\\/gormet.eu\\\/wp\\\/#\\\/schema\\\/logo\\\/image\\\/\",\"url\":\"https:\\\/\\\/gormet.eu\\\/wp\\\/wp-content\\\/uploads\\\/2022\\\/06\\\/Gormet-red-rgb-72-250p.png\",\"contentUrl\":\"https:\\\/\\\/gormet.eu\\\/wp\\\/wp-content\\\/uploads\\\/2022\\\/06\\\/Gormet-red-rgb-72-250p.png\",\"width\":250,\"height\":56,\"caption\":\"Gormet SRL\"},\"image\":{\"@id\":\"https:\\\/\\\/gormet.eu\\\/wp\\\/#\\\/schema\\\/logo\\\/image\\\/\"}}]}<\/script>\n<!-- \/ Yoast SEO plugin. -->","yoast_head_json":{"title":"Kontakt GORMET SRL | Kontaktieren Sie uns","description":"Wir freuen uns auf die Zusammenarbeit. Kontakt \u00bb office@gromet.eu | +40 264 415 228 | GORMET SRL, B-dul Muncii nr. 18 B, 400641 Cluj Napoca","robots":{"index":"index","follow":"follow","max-snippet":"max-snippet:-1","max-image-preview":"max-image-preview:large","max-video-preview":"max-video-preview:-1"},"canonical":"https:\/\/gormet.eu\/wp\/kontakt\/","og_locale":"de_DE","og_type":"article","og_title":"Kontakt GORMET SRL | Kontaktieren Sie uns","og_description":"Wir freuen uns auf die Zusammenarbeit. Kontakt \u00bb office@gromet.eu | +40 264 415 228 | GORMET SRL, B-dul Muncii nr. 18 B, 400641 Cluj Napoca","og_url":"https:\/\/gormet.eu\/wp\/kontakt\/","og_site_name":"Gormet SRL","article_modified_time":"2024-03-07T09:52:32+00:00","og_image":[{"url":"https:\/\/gormet.eu\/wp\/wp-content\/uploads\/2022\/06\/Gormet-red-rgb-72-250p.png","type":"","width":"","height":""}],"twitter_card":"summary_large_image","twitter_misc":{"Gesch\u00e4tzte Lesezeit":"1\u00a0Minute"},"schema":{"@context":"https:\/\/schema.org","@graph":[{"@type":"WebPage","@id":"https:\/\/gormet.eu\/wp\/kontakt\/","url":"https:\/\/gormet.eu\/wp\/kontakt\/","name":"Kontakt GORMET SRL | Kontaktieren Sie uns","isPartOf":{"@id":"https:\/\/gormet.eu\/wp\/#website"},"primaryImageOfPage":{"@id":"https:\/\/gormet.eu\/wp\/kontakt\/#primaryimage"},"image":{"@id":"https:\/\/gormet.eu\/wp\/kontakt\/#primaryimage"},"thumbnailUrl":"https:\/\/gormet.eu\/wp\/wp-content\/uploads\/2022\/06\/Gormet-red-rgb-72-250p.png","datePublished":"2022-07-05T09:35:13+00:00","dateModified":"2024-03-07T09:52:32+00:00","description":"Wir freuen uns auf die Zusammenarbeit. Kontakt \u00bb office@gromet.eu | +40 264 415 228 | GORMET SRL, B-dul Muncii nr. 18 B, 400641 Cluj Napoca","breadcrumb":{"@id":"https:\/\/gormet.eu\/wp\/kontakt\/#breadcrumb"},"inLanguage":"de","potentialAction":[{"@type":"ReadAction","target":["https:\/\/gormet.eu\/wp\/kontakt\/"]}]},{"@type":"ImageObject","inLanguage":"de","@id":"https:\/\/gormet.eu\/wp\/kontakt\/#primaryimage","url":"https:\/\/gormet.eu\/wp\/wp-content\/uploads\/2022\/06\/Gormet-red-rgb-72-250p.png","contentUrl":"https:\/\/gormet.eu\/wp\/wp-content\/uploads\/2022\/06\/Gormet-red-rgb-72-250p.png"},{"@type":"BreadcrumbList","@id":"https:\/\/gormet.eu\/wp\/kontakt\/#breadcrumb","itemListElement":[{"@type":"ListItem","position":1,"name":"Startseite","item":"https:\/\/gormet.eu\/wp\/"},{"@type":"ListItem","position":2,"name":"Kontakt"}]},{"@type":"WebSite","@id":"https:\/\/gormet.eu\/wp\/#website","url":"https:\/\/gormet.eu\/wp\/","name":"Gormet SRL","description":"","publisher":{"@id":"https:\/\/gormet.eu\/wp\/#organization"},"potentialAction":[{"@type":"SearchAction","target":{"@type":"EntryPoint","urlTemplate":"https:\/\/gormet.eu\/wp\/?s={search_term_string}"},"query-input":{"@type":"PropertyValueSpecification","valueRequired":true,"valueName":"search_term_string"}}],"inLanguage":"de"},{"@type":"Organization","@id":"https:\/\/gormet.eu\/wp\/#organization","name":"Gormet SRL","url":"https:\/\/gormet.eu\/wp\/","logo":{"@type":"ImageObject","inLanguage":"de","@id":"https:\/\/gormet.eu\/wp\/#\/schema\/logo\/image\/","url":"https:\/\/gormet.eu\/wp\/wp-content\/uploads\/2022\/06\/Gormet-red-rgb-72-250p.png","contentUrl":"https:\/\/gormet.eu\/wp\/wp-content\/uploads\/2022\/06\/Gormet-red-rgb-72-250p.png","width":250,"height":56,"caption":"Gormet SRL"},"image":{"@id":"https:\/\/gormet.eu\/wp\/#\/schema\/logo\/image\/"}}]}},"jetpack_sharing_enabled":true,"_links":{"self":[{"href":"https:\/\/gormet.eu\/wp\/wp-json\/wp\/v2\/pages\/988099","targetHints":{"allow":["GET"]}}],"collection":[{"href":"https:\/\/gormet.eu\/wp\/wp-json\/wp\/v2\/pages"}],"about":[{"href":"https:\/\/gormet.eu\/wp\/wp-json\/wp\/v2\/types\/page"}],"author":[{"embeddable":true,"href":"https:\/\/gormet.eu\/wp\/wp-json\/wp\/v2\/users\/8"}],"replies":[{"embeddable":true,"href":"https:\/\/gormet.eu\/wp\/wp-json\/wp\/v2\/comments?post=988099"}],"version-history":[{"count":21,"href":"https:\/\/gormet.eu\/wp\/wp-json\/wp\/v2\/pages\/988099\/revisions"}],"predecessor-version":[{"id":989544,"href":"https:\/\/gormet.eu\/wp\/wp-json\/wp\/v2\/pages\/988099\/revisions\/989544"}],"wp:attachment":[{"href":"https:\/\/gormet.eu\/wp\/wp-json\/wp\/v2\/media?parent=988099"}],"curies":[{"name":"wp","href":"https:\/\/api.w.org\/{rel}","templated":true}]}}